{"id":53,"date":"2026-02-04T18:52:07","date_gmt":"2026-02-04T23:52:07","guid":{"rendered":"https:\/\/emorin.dectim.ca\/cours\/ep\/SitePersonnelEmile\/wordpress\/?page_id=53"},"modified":"2026-02-04T20:42:27","modified_gmt":"2026-02-05T01:42:27","slug":"accueil","status":"publish","type":"page","link":"https:\/\/emorin.dectim.ca\/cours\/ep\/SitePersonnelEmile\/wordpress\/","title":{"rendered":"Accueil"},"content":{"rendered":"\n<p>Bonjour, mon nom est \u00c9mile Morin, je suis un \u00e9tudiant en technique d&rsquo;int\u00e9gration multimedia. <\/p>\n\n\n\n<p>J&rsquo;aime les jeux vid\u00e9o, manger et faire du sport (ainsi qu&rsquo;\u00eatre organis\u00e9 !).<\/p>\n\n\n\n<p><\/p>\n","protected":false},"excerpt":{"rendered":"<p>Bonjour, mon nom est \u00c9mile Morin, je suis un \u00e9tudiant en technique d&rsquo;int\u00e9gration multimedia. J&rsquo;aime les jeux vid\u00e9o, manger et faire du sport (ainsi qu&rsquo;\u00eatre organis\u00e9 !).<\/p>\n","protected":false},"author":1,"featured_media":0,"parent":0,"menu_order":0,"comment_status":"closed","ping_status":"closed","template":"","meta":{"footnotes":""},"class_list":["post-53","page","type-page","status-publish","hentry"],"_links":{"self":[{"href":"https:\/\/emorin.dectim.ca\/cours\/ep\/SitePersonnelEmile\/wordpress\/wp-json\/wp\/v2\/pages\/53","targetHints":{"allow":["GET"]}}],"collection":[{"href":"https:\/\/emorin.dectim.ca\/cours\/ep\/SitePersonnelEmile\/wordpress\/wp-json\/wp\/v2\/pages"}],"about":[{"href":"https:\/\/emorin.dectim.ca\/cours\/ep\/SitePersonnelEmile\/wordpress\/wp-json\/wp\/v2\/types\/page"}],"author":[{"embeddable":true,"href":"https:\/\/emorin.dectim.ca\/cours\/ep\/SitePersonnelEmile\/wordpress\/wp-json\/wp\/v2\/users\/1"}],"replies":[{"embeddable":true,"href":"https:\/\/emorin.dectim.ca\/cours\/ep\/SitePersonnelEmile\/wordpress\/wp-json\/wp\/v2\/comments?post=53"}],"version-history":[{"count":4,"href":"https:\/\/emorin.dectim.ca\/cours\/ep\/SitePersonnelEmile\/wordpress\/wp-json\/wp\/v2\/pages\/53\/revisions"}],"predecessor-version":[{"id":118,"href":"https:\/\/emorin.dectim.ca\/cours\/ep\/SitePersonnelEmile\/wordpress\/wp-json\/wp\/v2\/pages\/53\/revisions\/118"}],"wp:attachment":[{"href":"https:\/\/emorin.dectim.ca\/cours\/ep\/SitePersonnelEmile\/wordpress\/wp-json\/wp\/v2\/media?parent=53"}],"curies":[{"name":"wp","href":"https:\/\/api.w.org\/{rel}","templated":true}]}}