{"id":56,"date":"2026-02-03T13:40:41","date_gmt":"2026-02-03T18:40:41","guid":{"rendered":"https:\/\/emorin.dectim.ca\/cours\/ep\/SitePersonnelEmile\/wordpress\/?page_id=56"},"modified":"2026-02-04T20:22:33","modified_gmt":"2026-02-05T01:22:33","slug":"a-propos","status":"publish","type":"page","link":"https:\/\/emorin.dectim.ca\/cours\/ep\/SitePersonnelEmile\/wordpress\/a-propos\/","title":{"rendered":"\u00c0 propos"},"content":{"rendered":"\n<figure class=\"wp-block-image size-large\"><img loading=\"lazy\" decoding=\"async\" width=\"1279\" height=\"1279\" src=\"https:\/\/emorin.dectim.ca\/cours\/ep\/SitePersonnelEmile\/wordpress\/wp-content\/uploads\/2026\/02\/IMG_0204-edited.jpg\" alt=\"\" class=\"wp-image-71\" srcset=\"https:\/\/emorin.dectim.ca\/cours\/ep\/SitePersonnelEmile\/wordpress\/wp-content\/uploads\/2026\/02\/IMG_0204-edited.jpg 1279w, https:\/\/emorin.dectim.ca\/cours\/ep\/SitePersonnelEmile\/wordpress\/wp-content\/uploads\/2026\/02\/IMG_0204-edited-300x300.jpg 300w, https:\/\/emorin.dectim.ca\/cours\/ep\/SitePersonnelEmile\/wordpress\/wp-content\/uploads\/2026\/02\/IMG_0204-edited-1024x1024.jpg 1024w, https:\/\/emorin.dectim.ca\/cours\/ep\/SitePersonnelEmile\/wordpress\/wp-content\/uploads\/2026\/02\/IMG_0204-edited-150x150.jpg 150w, https:\/\/emorin.dectim.ca\/cours\/ep\/SitePersonnelEmile\/wordpress\/wp-content\/uploads\/2026\/02\/IMG_0204-edited-768x768.jpg 768w, https:\/\/emorin.dectim.ca\/cours\/ep\/SitePersonnelEmile\/wordpress\/wp-content\/uploads\/2026\/02\/IMG_0204-edited-100x100.jpg 100w\" sizes=\"auto, (max-width: 1279px) 100vw, 1279px\" \/><\/figure>\n\n\n\n<p><\/p>\n\n\n\n<p><\/p>\n\n\n\n<p>Je suis \u00c9mile, je suis une personne impliqu\u00e9 et passionn\u00e9 qui pense que l&rsquo;organisation le trait le plus important dans une personne.<\/p>\n\n\n\n<p>J&rsquo;essaye toujours d&rsquo;atteindre le meilleur que je puisse faire afin de d\u00e9passer mes limites et me d\u00e9marquer en tant que personne. En tant que futur programmeur, il est important que je sois pr\u00eat a tout afin d&rsquo;offrir la meilleur exp\u00e9rience possible aux autres, ainsi qu&rsquo;\u00e0 moi m\u00eame.<\/p>\n\n\n\n<p><\/p>\n","protected":false},"excerpt":{"rendered":"<p>Je suis \u00c9mile, je suis une personne impliqu\u00e9 et passionn\u00e9 qui pense que l&rsquo;organisation le trait le plus important dans une personne. J&rsquo;essaye toujours d&rsquo;atteindre le meilleur que je puisse faire afin de d\u00e9passer mes limites et me d\u00e9marquer en tant que personne. En tant que futur programmeur, il est [&hellip;]<\/p>\n","protected":false},"author":1,"featured_media":0,"parent":0,"menu_order":0,"comment_status":"closed","ping_status":"closed","template":"","meta":{"footnotes":""},"class_list":["post-56","page","type-page","status-publish","hentry"],"_links":{"self":[{"href":"https:\/\/emorin.dectim.ca\/cours\/ep\/SitePersonnelEmile\/wordpress\/wp-json\/wp\/v2\/pages\/56","targetHints":{"allow":["GET"]}}],"collection":[{"href":"https:\/\/emorin.dectim.ca\/cours\/ep\/SitePersonnelEmile\/wordpress\/wp-json\/wp\/v2\/pages"}],"about":[{"href":"https:\/\/emorin.dectim.ca\/cours\/ep\/SitePersonnelEmile\/wordpress\/wp-json\/wp\/v2\/types\/page"}],"author":[{"embeddable":true,"href":"https:\/\/emorin.dectim.ca\/cours\/ep\/SitePersonnelEmile\/wordpress\/wp-json\/wp\/v2\/users\/1"}],"replies":[{"embeddable":true,"href":"https:\/\/emorin.dectim.ca\/cours\/ep\/SitePersonnelEmile\/wordpress\/wp-json\/wp\/v2\/comments?post=56"}],"version-history":[{"count":8,"href":"https:\/\/emorin.dectim.ca\/cours\/ep\/SitePersonnelEmile\/wordpress\/wp-json\/wp\/v2\/pages\/56\/revisions"}],"predecessor-version":[{"id":116,"href":"https:\/\/emorin.dectim.ca\/cours\/ep\/SitePersonnelEmile\/wordpress\/wp-json\/wp\/v2\/pages\/56\/revisions\/116"}],"wp:attachment":[{"href":"https:\/\/emorin.dectim.ca\/cours\/ep\/SitePersonnelEmile\/wordpress\/wp-json\/wp\/v2\/media?parent=56"}],"curies":[{"name":"wp","href":"https:\/\/api.w.org\/{rel}","templated":true}]}}